{"id":120,"date":"2014-06-04T08:39:24","date_gmt":"2014-06-04T08:39:24","guid":{"rendered":"http:\/\/liebesatelier.wordpress.com\/?page_id=94"},"modified":"2015-02-10T18:31:11","modified_gmt":"2015-02-10T18:31:11","slug":"superbiomarkt-kinderspielecken","status":"publish","type":"page","link":"https:\/\/www.liebedesign.de\/?page_id=120","title":{"rendered":"Wandmalereien"},"content":{"rendered":"<div id=\"attachment_415\" style=\"width: 778px\" class=\"wp-caption alignnone\"><a href=\"https:\/\/i0.wp.com\/www.liebedesign.de\/wp-content\/uploads\/2015\/02\/IMG_1968.jpg\"><img data-recalc-dims=\"1\" loading=\"lazy\" decoding=\"async\" aria-describedby=\"caption-attachment-415\" class=\"size-full wp-image-415\" src=\"https:\/\/i0.wp.com\/www.liebedesign.de\/wp-content\/uploads\/2015\/02\/IMG_1968.jpg?resize=620%2C827\" alt=\"\u00a9 Sara Liebe\" width=\"620\" height=\"827\" srcset=\"https:\/\/i0.wp.com\/www.liebedesign.de\/wp-content\/uploads\/2015\/02\/IMG_1968.jpg?w=768&amp;ssl=1 768w, https:\/\/i0.wp.com\/www.liebedesign.de\/wp-content\/uploads\/2015\/02\/IMG_1968.jpg?resize=225%2C300&amp;ssl=1 225w\" sizes=\"auto, (max-width: 620px) 100vw, 620px\" \/><\/a><p id=\"caption-attachment-415\" class=\"wp-caption-text\">\u00a9 Sara Liebe<\/p><\/div>\n<p>Durch einen gl\u00fccklichen Zufall habe ich nun schon einige Kinderspielecken f\u00fcr den <a title=\"SuperBioMarkt\" href=\"http:\/\/www.superbiomarkt.com\/\" target=\"_blank\">SuperBioMarkt<\/a> angemalt und es immer eine Reise durch den Raum. Kleine R\u00e4ume, eng mit wei\u00dfen, kahlen W\u00e4nden, die sich durch die Wandmalereien \u00f6ffnen, weiten, Platz f\u00fcr viel Phantasie lassen. Jede Ecke ist anders, keine gleicht sich.<\/p>\n<div id=\"attachment_388\" style=\"width: 778px\" class=\"wp-caption alignnone\"><a href=\"https:\/\/i0.wp.com\/www.liebedesign.de\/wp-content\/uploads\/2015\/02\/IMG_1927.jpg\"><img data-recalc-dims=\"1\" loading=\"lazy\" decoding=\"async\" aria-describedby=\"caption-attachment-388\" class=\"size-full wp-image-388\" src=\"https:\/\/i0.wp.com\/www.liebedesign.de\/wp-content\/uploads\/2015\/02\/IMG_1927.jpg?resize=620%2C827\" alt=\"\u00a9 Sara Liebe\" width=\"620\" height=\"827\" srcset=\"https:\/\/i0.wp.com\/www.liebedesign.de\/wp-content\/uploads\/2015\/02\/IMG_1927.jpg?w=768&amp;ssl=1 768w, https:\/\/i0.wp.com\/www.liebedesign.de\/wp-content\/uploads\/2015\/02\/IMG_1927.jpg?resize=225%2C300&amp;ssl=1 225w\" sizes=\"auto, (max-width: 620px) 100vw, 620px\" \/><\/a><p id=\"caption-attachment-388\" class=\"wp-caption-text\">\u00a9 Sara Liebe<\/p><\/div>\n<div id=\"attachment_387\" style=\"width: 778px\" class=\"wp-caption alignnone\"><a href=\"https:\/\/i0.wp.com\/www.liebedesign.de\/wp-content\/uploads\/2015\/02\/IMG_1926.jpg\"><img data-recalc-dims=\"1\" loading=\"lazy\" decoding=\"async\" aria-describedby=\"caption-attachment-387\" class=\"size-full wp-image-387\" src=\"https:\/\/i0.wp.com\/www.liebedesign.de\/wp-content\/uploads\/2015\/02\/IMG_1926.jpg?resize=620%2C827\" alt=\"\u00a9 Sara Liebe\" width=\"620\" height=\"827\" srcset=\"https:\/\/i0.wp.com\/www.liebedesign.de\/wp-content\/uploads\/2015\/02\/IMG_1926.jpg?w=768&amp;ssl=1 768w, https:\/\/i0.wp.com\/www.liebedesign.de\/wp-content\/uploads\/2015\/02\/IMG_1926.jpg?resize=225%2C300&amp;ssl=1 225w\" sizes=\"auto, (max-width: 620px) 100vw, 620px\" \/><\/a><p id=\"caption-attachment-387\" class=\"wp-caption-text\">\u00a9 Sara Liebe<\/p><\/div>\n<div id=\"attachment_386\" style=\"width: 778px\" class=\"wp-caption alignnone\"><a href=\"https:\/\/i0.wp.com\/www.liebedesign.de\/wp-content\/uploads\/2015\/02\/IMG_1925.jpg\"><img data-recalc-dims=\"1\" loading=\"lazy\" decoding=\"async\" aria-describedby=\"caption-attachment-386\" class=\"size-full wp-image-386\" src=\"https:\/\/i0.wp.com\/www.liebedesign.de\/wp-content\/uploads\/2015\/02\/IMG_1925.jpg?resize=620%2C827\" alt=\"\u00a9 Sara Liebe\" width=\"620\" height=\"827\" srcset=\"https:\/\/i0.wp.com\/www.liebedesign.de\/wp-content\/uploads\/2015\/02\/IMG_1925.jpg?w=768&amp;ssl=1 768w, https:\/\/i0.wp.com\/www.liebedesign.de\/wp-content\/uploads\/2015\/02\/IMG_1925.jpg?resize=225%2C300&amp;ssl=1 225w\" sizes=\"auto, (max-width: 620px) 100vw, 620px\" \/><\/a><p id=\"caption-attachment-386\" class=\"wp-caption-text\">\u00a9 Sara Liebe<\/p><\/div>\n<div id=\"attachment_385\" style=\"width: 778px\" class=\"wp-caption alignnone\"><a href=\"https:\/\/i0.wp.com\/www.liebedesign.de\/wp-content\/uploads\/2015\/02\/IMG_1924.jpg\"><img data-recalc-dims=\"1\" loading=\"lazy\" decoding=\"async\" aria-describedby=\"caption-attachment-385\" class=\"size-full wp-image-385\" src=\"https:\/\/i0.wp.com\/www.liebedesign.de\/wp-content\/uploads\/2015\/02\/IMG_1924.jpg?resize=620%2C827\" alt=\"\u00a9 Sara Liebe\" width=\"620\" height=\"827\" srcset=\"https:\/\/i0.wp.com\/www.liebedesign.de\/wp-content\/uploads\/2015\/02\/IMG_1924.jpg?w=768&amp;ssl=1 768w, https:\/\/i0.wp.com\/www.liebedesign.de\/wp-content\/uploads\/2015\/02\/IMG_1924.jpg?resize=225%2C300&amp;ssl=1 225w\" sizes=\"auto, (max-width: 620px) 100vw, 620px\" \/><\/a><p id=\"caption-attachment-385\" class=\"wp-caption-text\">\u00a9 Sara Liebe<\/p><\/div>\n<div id=\"attachment_406\" style=\"width: 778px\" class=\"wp-caption alignnone\"><a href=\"https:\/\/i0.wp.com\/www.liebedesign.de\/wp-content\/uploads\/2015\/02\/IMG_1958.jpg\"><img data-recalc-dims=\"1\" loading=\"lazy\" decoding=\"async\" aria-describedby=\"caption-attachment-406\" class=\"size-full wp-image-406\" src=\"https:\/\/i0.wp.com\/www.liebedesign.de\/wp-content\/uploads\/2015\/02\/IMG_1958.jpg?resize=620%2C827\" alt=\"\u00a9 Sara Liebe\" width=\"620\" height=\"827\" srcset=\"https:\/\/i0.wp.com\/www.liebedesign.de\/wp-content\/uploads\/2015\/02\/IMG_1958.jpg?w=768&amp;ssl=1 768w, https:\/\/i0.wp.com\/www.liebedesign.de\/wp-content\/uploads\/2015\/02\/IMG_1958.jpg?resize=225%2C300&amp;ssl=1 225w\" sizes=\"auto, (max-width: 620px) 100vw, 620px\" \/><\/a><p id=\"caption-attachment-406\" class=\"wp-caption-text\">\u00a9 Sara Liebe<\/p><\/div>\n<div id=\"attachment_405\" style=\"width: 778px\" class=\"wp-caption alignnone\"><a href=\"https:\/\/i0.wp.com\/www.liebedesign.de\/wp-content\/uploads\/2015\/02\/IMG_1957.jpg\"><img data-recalc-dims=\"1\" loading=\"lazy\" decoding=\"async\" aria-describedby=\"caption-attachment-405\" class=\"size-full wp-image-405\" src=\"https:\/\/i0.wp.com\/www.liebedesign.de\/wp-content\/uploads\/2015\/02\/IMG_1957.jpg?resize=620%2C827\" alt=\"\u00a9 Sara Liebe\" width=\"620\" height=\"827\" srcset=\"https:\/\/i0.wp.com\/www.liebedesign.de\/wp-content\/uploads\/2015\/02\/IMG_1957.jpg?w=768&amp;ssl=1 768w, https:\/\/i0.wp.com\/www.liebedesign.de\/wp-content\/uploads\/2015\/02\/IMG_1957.jpg?resize=225%2C300&amp;ssl=1 225w\" sizes=\"auto, (max-width: 620px) 100vw, 620px\" \/><\/a><p id=\"caption-attachment-405\" class=\"wp-caption-text\">\u00a9 Sara Liebe<\/p><\/div>\n<div id=\"attachment_404\" style=\"width: 778px\" class=\"wp-caption alignnone\"><a href=\"https:\/\/i0.wp.com\/www.liebedesign.de\/wp-content\/uploads\/2015\/02\/IMG_1956.jpg\"><img data-recalc-dims=\"1\" loading=\"lazy\" decoding=\"async\" aria-describedby=\"caption-attachment-404\" class=\"size-full wp-image-404\" src=\"https:\/\/i0.wp.com\/www.liebedesign.de\/wp-content\/uploads\/2015\/02\/IMG_1956.jpg?resize=620%2C827\" alt=\"\u00a9 Sara Liebe\" width=\"620\" height=\"827\" srcset=\"https:\/\/i0.wp.com\/www.liebedesign.de\/wp-content\/uploads\/2015\/02\/IMG_1956.jpg?w=768&amp;ssl=1 768w, https:\/\/i0.wp.com\/www.liebedesign.de\/wp-content\/uploads\/2015\/02\/IMG_1956.jpg?resize=225%2C300&amp;ssl=1 225w\" sizes=\"auto, (max-width: 620px) 100vw, 620px\" \/><\/a><p id=\"caption-attachment-404\" class=\"wp-caption-text\">\u00a9 Sara Liebe<\/p><\/div>\n<p><a href=\"https:\/\/i0.wp.com\/www.liebedesign.de\/wp-content\/uploads\/2015\/02\/IMG_1959.jpg\"><img data-recalc-dims=\"1\" loading=\"lazy\" decoding=\"async\" class=\"size-full wp-image-407\" src=\"https:\/\/i0.wp.com\/www.liebedesign.de\/wp-content\/uploads\/2015\/02\/IMG_1959.jpg?resize=620%2C827\" alt=\"\u00a9 Sara Liebe\" width=\"620\" height=\"827\" srcset=\"https:\/\/i0.wp.com\/www.liebedesign.de\/wp-content\/uploads\/2015\/02\/IMG_1959.jpg?w=768&amp;ssl=1 768w, https:\/\/i0.wp.com\/www.liebedesign.de\/wp-content\/uploads\/2015\/02\/IMG_1959.jpg?resize=225%2C300&amp;ssl=1 225w\" sizes=\"auto, (max-width: 620px) 100vw, 620px\" \/><\/a><\/p>\n<div id=\"attachment_403\" style=\"width: 778px\" class=\"wp-caption alignnone\"><a href=\"https:\/\/i0.wp.com\/www.liebedesign.de\/wp-content\/uploads\/2015\/02\/IMG_1955.jpg\"><img data-recalc-dims=\"1\" loading=\"lazy\" decoding=\"async\" aria-describedby=\"caption-attachment-403\" class=\"size-full wp-image-403\" src=\"https:\/\/i0.wp.com\/www.liebedesign.de\/wp-content\/uploads\/2015\/02\/IMG_1955.jpg?resize=620%2C827\" alt=\"\u00a9 Sara Liebe\" width=\"620\" height=\"827\" srcset=\"https:\/\/i0.wp.com\/www.liebedesign.de\/wp-content\/uploads\/2015\/02\/IMG_1955.jpg?w=768&amp;ssl=1 768w, https:\/\/i0.wp.com\/www.liebedesign.de\/wp-content\/uploads\/2015\/02\/IMG_1955.jpg?resize=225%2C300&amp;ssl=1 225w\" sizes=\"auto, (max-width: 620px) 100vw, 620px\" \/><\/a><p id=\"caption-attachment-403\" class=\"wp-caption-text\">\u00a9 Sara Liebe<\/p><\/div>\n<div id=\"attachment_402\" style=\"width: 1034px\" class=\"wp-caption alignnone\"><a href=\"https:\/\/i0.wp.com\/www.liebedesign.de\/wp-content\/uploads\/2015\/02\/IMG_1954.jpg\"><img data-recalc-dims=\"1\" loading=\"lazy\" decoding=\"async\" aria-describedby=\"caption-attachment-402\" class=\"size-full wp-image-402\" src=\"https:\/\/i0.wp.com\/www.liebedesign.de\/wp-content\/uploads\/2015\/02\/IMG_1954.jpg?resize=620%2C465\" alt=\"\u00a9 Sara Liebe\" width=\"620\" height=\"465\" srcset=\"https:\/\/i0.wp.com\/www.liebedesign.de\/wp-content\/uploads\/2015\/02\/IMG_1954.jpg?w=1024&amp;ssl=1 1024w, https:\/\/i0.wp.com\/www.liebedesign.de\/wp-content\/uploads\/2015\/02\/IMG_1954.jpg?resize=300%2C225&amp;ssl=1 300w\" sizes=\"auto, (max-width: 620px) 100vw, 620px\" \/><\/a><p id=\"caption-attachment-402\" class=\"wp-caption-text\">\u00a9 Sara Liebe<\/p><\/div>\n<div id=\"attachment_401\" style=\"width: 778px\" class=\"wp-caption alignnone\"><a href=\"https:\/\/i0.wp.com\/www.liebedesign.de\/wp-content\/uploads\/2015\/02\/IMG_1953.jpg\"><img data-recalc-dims=\"1\" loading=\"lazy\" decoding=\"async\" aria-describedby=\"caption-attachment-401\" class=\"size-full wp-image-401\" src=\"https:\/\/i0.wp.com\/www.liebedesign.de\/wp-content\/uploads\/2015\/02\/IMG_1953.jpg?resize=620%2C827\" alt=\"\u00a9 Sara Liebe\" width=\"620\" height=\"827\" srcset=\"https:\/\/i0.wp.com\/www.liebedesign.de\/wp-content\/uploads\/2015\/02\/IMG_1953.jpg?w=768&amp;ssl=1 768w, https:\/\/i0.wp.com\/www.liebedesign.de\/wp-content\/uploads\/2015\/02\/IMG_1953.jpg?resize=225%2C300&amp;ssl=1 225w\" sizes=\"auto, (max-width: 620px) 100vw, 620px\" \/><\/a><p id=\"caption-attachment-401\" class=\"wp-caption-text\">\u00a9 Sara Liebe<\/p><\/div>\n<div id=\"attachment_400\" style=\"width: 1034px\" class=\"wp-caption alignnone\"><a href=\"https:\/\/i0.wp.com\/www.liebedesign.de\/wp-content\/uploads\/2015\/02\/IMG_1950.jpg\"><img data-recalc-dims=\"1\" loading=\"lazy\" decoding=\"async\" aria-describedby=\"caption-attachment-400\" class=\"size-full wp-image-400\" src=\"https:\/\/i0.wp.com\/www.liebedesign.de\/wp-content\/uploads\/2015\/02\/IMG_1950.jpg?resize=620%2C465\" alt=\"\u00a9 Sara Liebe\" width=\"620\" height=\"465\" srcset=\"https:\/\/i0.wp.com\/www.liebedesign.de\/wp-content\/uploads\/2015\/02\/IMG_1950.jpg?w=1024&amp;ssl=1 1024w, https:\/\/i0.wp.com\/www.liebedesign.de\/wp-content\/uploads\/2015\/02\/IMG_1950.jpg?resize=300%2C225&amp;ssl=1 300w\" sizes=\"auto, (max-width: 620px) 100vw, 620px\" \/><\/a><p id=\"caption-attachment-400\" class=\"wp-caption-text\">\u00a9 Sara Liebe<\/p><\/div>\n<div id=\"attachment_399\" style=\"width: 1034px\" class=\"wp-caption alignnone\"><a href=\"https:\/\/i0.wp.com\/www.liebedesign.de\/wp-content\/uploads\/2015\/02\/IMG_1949.jpg\"><img data-recalc-dims=\"1\" loading=\"lazy\" decoding=\"async\" aria-describedby=\"caption-attachment-399\" class=\"size-full wp-image-399\" src=\"https:\/\/i0.wp.com\/www.liebedesign.de\/wp-content\/uploads\/2015\/02\/IMG_1949.jpg?resize=620%2C465\" alt=\"\u00a9 Sara Liebe\" width=\"620\" height=\"465\" srcset=\"https:\/\/i0.wp.com\/www.liebedesign.de\/wp-content\/uploads\/2015\/02\/IMG_1949.jpg?w=1024&amp;ssl=1 1024w, https:\/\/i0.wp.com\/www.liebedesign.de\/wp-content\/uploads\/2015\/02\/IMG_1949.jpg?resize=300%2C225&amp;ssl=1 300w\" sizes=\"auto, (max-width: 620px) 100vw, 620px\" \/><\/a><p id=\"caption-attachment-399\" class=\"wp-caption-text\">\u00a9 Sara Liebe<\/p><\/div>\n<div id=\"attachment_398\" style=\"width: 1034px\" class=\"wp-caption alignnone\"><a href=\"https:\/\/i0.wp.com\/www.liebedesign.de\/wp-content\/uploads\/2015\/02\/IMG_1948.jpg\"><img data-recalc-dims=\"1\" loading=\"lazy\" decoding=\"async\" aria-describedby=\"caption-attachment-398\" class=\"size-full wp-image-398\" src=\"https:\/\/i0.wp.com\/www.liebedesign.de\/wp-content\/uploads\/2015\/02\/IMG_1948.jpg?resize=620%2C465\" alt=\"\u00a9 Sara Liebe\" width=\"620\" height=\"465\" srcset=\"https:\/\/i0.wp.com\/www.liebedesign.de\/wp-content\/uploads\/2015\/02\/IMG_1948.jpg?w=1024&amp;ssl=1 1024w, https:\/\/i0.wp.com\/www.liebedesign.de\/wp-content\/uploads\/2015\/02\/IMG_1948.jpg?resize=300%2C225&amp;ssl=1 300w\" sizes=\"auto, (max-width: 620px) 100vw, 620px\" \/><\/a><p id=\"caption-attachment-398\" class=\"wp-caption-text\">\u00a9 Sara Liebe<\/p><\/div>\n<div id=\"attachment_397\" style=\"width: 778px\" class=\"wp-caption alignnone\"><a href=\"https:\/\/i0.wp.com\/www.liebedesign.de\/wp-content\/uploads\/2015\/02\/IMG_1943.jpg\"><img data-recalc-dims=\"1\" loading=\"lazy\" decoding=\"async\" aria-describedby=\"caption-attachment-397\" class=\"size-full wp-image-397\" src=\"https:\/\/i0.wp.com\/www.liebedesign.de\/wp-content\/uploads\/2015\/02\/IMG_1943.jpg?resize=620%2C827\" alt=\"\u00a9 Sara Liebe\" width=\"620\" height=\"827\" srcset=\"https:\/\/i0.wp.com\/www.liebedesign.de\/wp-content\/uploads\/2015\/02\/IMG_1943.jpg?w=768&amp;ssl=1 768w, https:\/\/i0.wp.com\/www.liebedesign.de\/wp-content\/uploads\/2015\/02\/IMG_1943.jpg?resize=225%2C300&amp;ssl=1 225w\" sizes=\"auto, (max-width: 620px) 100vw, 620px\" \/><\/a><p id=\"caption-attachment-397\" class=\"wp-caption-text\">\u00a9 Sara Liebe<\/p><\/div>\n<div id=\"attachment_396\" style=\"width: 778px\" class=\"wp-caption alignnone\"><a href=\"https:\/\/i0.wp.com\/www.liebedesign.de\/wp-content\/uploads\/2015\/02\/IMG_1942.jpg\"><img data-recalc-dims=\"1\" loading=\"lazy\" decoding=\"async\" aria-describedby=\"caption-attachment-396\" class=\"size-full wp-image-396\" src=\"https:\/\/i0.wp.com\/www.liebedesign.de\/wp-content\/uploads\/2015\/02\/IMG_1942.jpg?resize=620%2C827\" alt=\"\u00a9 Sara Liebe\" width=\"620\" height=\"827\" srcset=\"https:\/\/i0.wp.com\/www.liebedesign.de\/wp-content\/uploads\/2015\/02\/IMG_1942.jpg?w=768&amp;ssl=1 768w, https:\/\/i0.wp.com\/www.liebedesign.de\/wp-content\/uploads\/2015\/02\/IMG_1942.jpg?resize=225%2C300&amp;ssl=1 225w\" sizes=\"auto, (max-width: 620px) 100vw, 620px\" \/><\/a><p id=\"caption-attachment-396\" class=\"wp-caption-text\">\u00a9 Sara Liebe<\/p><\/div>\n<div id=\"attachment_394\" style=\"width: 1034px\" class=\"wp-caption alignnone\"><a href=\"https:\/\/i0.wp.com\/www.liebedesign.de\/wp-content\/uploads\/2015\/02\/IMG_1940.jpg\"><img data-recalc-dims=\"1\" loading=\"lazy\" decoding=\"async\" aria-describedby=\"caption-attachment-394\" class=\"size-full wp-image-394\" src=\"https:\/\/i0.wp.com\/www.liebedesign.de\/wp-content\/uploads\/2015\/02\/IMG_1940.jpg?resize=620%2C465\" alt=\"\u00a9 Sara Liebe\" width=\"620\" height=\"465\" srcset=\"https:\/\/i0.wp.com\/www.liebedesign.de\/wp-content\/uploads\/2015\/02\/IMG_1940.jpg?w=1024&amp;ssl=1 1024w, https:\/\/i0.wp.com\/www.liebedesign.de\/wp-content\/uploads\/2015\/02\/IMG_1940.jpg?resize=300%2C225&amp;ssl=1 300w\" sizes=\"auto, (max-width: 620px) 100vw, 620px\" \/><\/a><p id=\"caption-attachment-394\" class=\"wp-caption-text\">\u00a9 Sara Liebe<\/p><\/div>\n<div id=\"attachment_393\" style=\"width: 1034px\" class=\"wp-caption alignnone\"><a href=\"https:\/\/i0.wp.com\/www.liebedesign.de\/wp-content\/uploads\/2015\/02\/IMG_1937.jpg\"><img data-recalc-dims=\"1\" loading=\"lazy\" decoding=\"async\" aria-describedby=\"caption-attachment-393\" class=\"size-full wp-image-393\" src=\"https:\/\/i0.wp.com\/www.liebedesign.de\/wp-content\/uploads\/2015\/02\/IMG_1937.jpg?resize=620%2C465\" alt=\"\u00a9 Sara Liebe\" width=\"620\" height=\"465\" srcset=\"https:\/\/i0.wp.com\/www.liebedesign.de\/wp-content\/uploads\/2015\/02\/IMG_1937.jpg?w=1024&amp;ssl=1 1024w, https:\/\/i0.wp.com\/www.liebedesign.de\/wp-content\/uploads\/2015\/02\/IMG_1937.jpg?resize=300%2C225&amp;ssl=1 300w\" sizes=\"auto, (max-width: 620px) 100vw, 620px\" \/><\/a><p id=\"caption-attachment-393\" class=\"wp-caption-text\">\u00a9 Sara Liebe<\/p><\/div>\n<div id=\"attachment_392\" style=\"width: 1034px\" class=\"wp-caption alignnone\"><a href=\"https:\/\/i0.wp.com\/www.liebedesign.de\/wp-content\/uploads\/2015\/02\/IMG_1936.jpg\"><img data-recalc-dims=\"1\" loading=\"lazy\" decoding=\"async\" aria-describedby=\"caption-attachment-392\" class=\"size-full wp-image-392\" src=\"https:\/\/i0.wp.com\/www.liebedesign.de\/wp-content\/uploads\/2015\/02\/IMG_1936.jpg?resize=620%2C465\" alt=\"\u00a9 Sara Liebe\" width=\"620\" height=\"465\" srcset=\"https:\/\/i0.wp.com\/www.liebedesign.de\/wp-content\/uploads\/2015\/02\/IMG_1936.jpg?w=1024&amp;ssl=1 1024w, https:\/\/i0.wp.com\/www.liebedesign.de\/wp-content\/uploads\/2015\/02\/IMG_1936.jpg?resize=300%2C225&amp;ssl=1 300w\" sizes=\"auto, (max-width: 620px) 100vw, 620px\" \/><\/a><p id=\"caption-attachment-392\" class=\"wp-caption-text\">\u00a9 Sara Liebe<\/p><\/div>\n<div id=\"attachment_390\" style=\"width: 1034px\" class=\"wp-caption alignnone\"><a href=\"https:\/\/i0.wp.com\/www.liebedesign.de\/wp-content\/uploads\/2015\/02\/IMG_1934.jpg\"><img data-recalc-dims=\"1\" loading=\"lazy\" decoding=\"async\" aria-describedby=\"caption-attachment-390\" class=\"size-full wp-image-390\" src=\"https:\/\/i0.wp.com\/www.liebedesign.de\/wp-content\/uploads\/2015\/02\/IMG_1934.jpg?resize=620%2C465\" alt=\"\u00a9 Sara Liebe\" width=\"620\" height=\"465\" srcset=\"https:\/\/i0.wp.com\/www.liebedesign.de\/wp-content\/uploads\/2015\/02\/IMG_1934.jpg?w=1024&amp;ssl=1 1024w, https:\/\/i0.wp.com\/www.liebedesign.de\/wp-content\/uploads\/2015\/02\/IMG_1934.jpg?resize=300%2C225&amp;ssl=1 300w\" sizes=\"auto, (max-width: 620px) 100vw, 620px\" \/><\/a><p id=\"caption-attachment-390\" class=\"wp-caption-text\">\u00a9 Sara Liebe<\/p><\/div>\n<div id=\"attachment_414\" style=\"width: 1034px\" class=\"wp-caption alignnone\"><a href=\"https:\/\/i0.wp.com\/www.liebedesign.de\/wp-content\/uploads\/2015\/02\/IMG_1967.jpg\"><img data-recalc-dims=\"1\" loading=\"lazy\" decoding=\"async\" aria-describedby=\"caption-attachment-414\" class=\"size-full wp-image-414\" src=\"https:\/\/i0.wp.com\/www.liebedesign.de\/wp-content\/uploads\/2015\/02\/IMG_1967.jpg?resize=620%2C465\" alt=\"\u00a9 Sara Liebe\" width=\"620\" height=\"465\" srcset=\"https:\/\/i0.wp.com\/www.liebedesign.de\/wp-content\/uploads\/2015\/02\/IMG_1967.jpg?w=1024&amp;ssl=1 1024w, https:\/\/i0.wp.com\/www.liebedesign.de\/wp-content\/uploads\/2015\/02\/IMG_1967.jpg?resize=300%2C225&amp;ssl=1 300w\" sizes=\"auto, (max-width: 620px) 100vw, 620px\" \/><\/a><p id=\"caption-attachment-414\" class=\"wp-caption-text\">\u00a9 Sara Liebe<\/p><\/div>\n<div id=\"attachment_413\" style=\"width: 1034px\" class=\"wp-caption alignnone\"><a href=\"https:\/\/i0.wp.com\/www.liebedesign.de\/wp-content\/uploads\/2015\/02\/IMG_1966.jpg\"><img data-recalc-dims=\"1\" loading=\"lazy\" decoding=\"async\" aria-describedby=\"caption-attachment-413\" class=\"size-full wp-image-413\" src=\"https:\/\/i0.wp.com\/www.liebedesign.de\/wp-content\/uploads\/2015\/02\/IMG_1966.jpg?resize=620%2C465\" alt=\"\u00a9 Sara Liebe\" width=\"620\" height=\"465\" srcset=\"https:\/\/i0.wp.com\/www.liebedesign.de\/wp-content\/uploads\/2015\/02\/IMG_1966.jpg?w=1024&amp;ssl=1 1024w, https:\/\/i0.wp.com\/www.liebedesign.de\/wp-content\/uploads\/2015\/02\/IMG_1966.jpg?resize=300%2C225&amp;ssl=1 300w\" sizes=\"auto, (max-width: 620px) 100vw, 620px\" \/><\/a><p id=\"caption-attachment-413\" class=\"wp-caption-text\">\u00a9 Sara Liebe<\/p><\/div>\n<div id=\"attachment_410\" style=\"width: 778px\" class=\"wp-caption alignnone\"><a href=\"https:\/\/i0.wp.com\/www.liebedesign.de\/wp-content\/uploads\/2015\/02\/IMG_1963.jpg\"><img data-recalc-dims=\"1\" loading=\"lazy\" decoding=\"async\" aria-describedby=\"caption-attachment-410\" class=\"size-full wp-image-410\" src=\"https:\/\/i0.wp.com\/www.liebedesign.de\/wp-content\/uploads\/2015\/02\/IMG_1963.jpg?resize=620%2C827\" alt=\"\u00a9 Sara Liebe\" width=\"620\" height=\"827\" srcset=\"https:\/\/i0.wp.com\/www.liebedesign.de\/wp-content\/uploads\/2015\/02\/IMG_1963.jpg?w=768&amp;ssl=1 768w, https:\/\/i0.wp.com\/www.liebedesign.de\/wp-content\/uploads\/2015\/02\/IMG_1963.jpg?resize=225%2C300&amp;ssl=1 225w\" sizes=\"auto, (max-width: 620px) 100vw, 620px\" \/><\/a><p id=\"caption-attachment-410\" class=\"wp-caption-text\">\u00a9 Sara Liebe<\/p><\/div>\n<div id=\"attachment_409\" style=\"width: 778px\" class=\"wp-caption alignnone\"><a href=\"https:\/\/i0.wp.com\/www.liebedesign.de\/wp-content\/uploads\/2015\/02\/IMG_1961.jpg\"><img data-recalc-dims=\"1\" loading=\"lazy\" decoding=\"async\" aria-describedby=\"caption-attachment-409\" class=\"size-full wp-image-409\" src=\"https:\/\/i0.wp.com\/www.liebedesign.de\/wp-content\/uploads\/2015\/02\/IMG_1961.jpg?resize=620%2C827\" alt=\"\u00a9 Sara Liebe\" width=\"620\" height=\"827\" srcset=\"https:\/\/i0.wp.com\/www.liebedesign.de\/wp-content\/uploads\/2015\/02\/IMG_1961.jpg?w=768&amp;ssl=1 768w, https:\/\/i0.wp.com\/www.liebedesign.de\/wp-content\/uploads\/2015\/02\/IMG_1961.jpg?resize=225%2C300&amp;ssl=1 225w\" sizes=\"auto, (max-width: 620px) 100vw, 620px\" \/><\/a><p id=\"caption-attachment-409\" class=\"wp-caption-text\">\u00a9 Sara Liebe<\/p><\/div>\n<div id=\"attachment_408\" style=\"width: 778px\" class=\"wp-caption alignnone\"><a href=\"https:\/\/i0.wp.com\/www.liebedesign.de\/wp-content\/uploads\/2015\/02\/IMG_1960.jpg\"><img data-recalc-dims=\"1\" loading=\"lazy\" decoding=\"async\" aria-describedby=\"caption-attachment-408\" class=\"size-full wp-image-408\" src=\"https:\/\/i0.wp.com\/www.liebedesign.de\/wp-content\/uploads\/2015\/02\/IMG_1960.jpg?resize=620%2C827\" alt=\"\u00a9 Sara Liebe\" width=\"620\" height=\"827\" srcset=\"https:\/\/i0.wp.com\/www.liebedesign.de\/wp-content\/uploads\/2015\/02\/IMG_1960.jpg?w=768&amp;ssl=1 768w, https:\/\/i0.wp.com\/www.liebedesign.de\/wp-content\/uploads\/2015\/02\/IMG_1960.jpg?resize=225%2C300&amp;ssl=1 225w\" sizes=\"auto, (max-width: 620px) 100vw, 620px\" \/><\/a><p id=\"caption-attachment-408\" class=\"wp-caption-text\">\u00a9 Sara Liebe<\/p><\/div>\n<p>\u00a9 Sara Liebe<\/p>\n","protected":false},"excerpt":{"rendered":"<p>Durch einen gl\u00fccklichen Zufall habe ich nun schon einige Kinderspielecken f\u00fcr den SuperBioMarkt angemalt und es immer eine Reise durch den Raum. Kleine R\u00e4ume, eng mit wei\u00dfen, kahlen W\u00e4nden, die sich durch die Wandmalereien \u00f6ffnen, weiten, Platz f\u00fcr viel Phantasie &hellip; <a href=\"https:\/\/www.liebedesign.de\/?page_id=120\">Weiterlesen <span class=\"meta-nav\">&rarr;<\/span><\/a><\/p>\n","protected":false},"author":2,"featured_media":0,"parent":0,"menu_order":0,"comment_status":"open","ping_status":"open","template":"","meta":{"advanced_seo_description":"","jetpack_seo_html_title":"","jetpack_seo_noindex":false,"jetpack_post_was_ever_published":false,"footnotes":""},"class_list":["post-120","page","type-page","status-publish","hentry"],"jetpack_shortlink":"https:\/\/wp.me\/P5EgJb-1W","jetpack_sharing_enabled":true,"jetpack-related-posts":[],"_links":{"self":[{"href":"https:\/\/www.liebedesign.de\/index.php?rest_route=\/wp\/v2\/pages\/120","targetHints":{"allow":["GET"]}}],"collection":[{"href":"https:\/\/www.liebedesign.de\/index.php?rest_route=\/wp\/v2\/pages"}],"about":[{"href":"https:\/\/www.liebedesign.de\/index.php?rest_route=\/wp\/v2\/types\/page"}],"author":[{"embeddable":true,"href":"https:\/\/www.liebedesign.de\/index.php?rest_route=\/wp\/v2\/users\/2"}],"replies":[{"embeddable":true,"href":"https:\/\/www.liebedesign.de\/index.php?rest_route=%2Fwp%2Fv2%2Fcomments&post=120"}],"version-history":[{"count":3,"href":"https:\/\/www.liebedesign.de\/index.php?rest_route=\/wp\/v2\/pages\/120\/revisions"}],"predecessor-version":[{"id":580,"href":"https:\/\/www.liebedesign.de\/index.php?rest_route=\/wp\/v2\/pages\/120\/revisions\/580"}],"wp:attachment":[{"href":"https:\/\/www.liebedesign.de\/index.php?rest_route=%2Fwp%2Fv2%2Fmedia&parent=120"}],"curies":[{"name":"wp","href":"https:\/\/api.w.org\/{rel}","templated":true}]}}