{"id":130,"date":"2014-06-03T06:59:03","date_gmt":"2014-06-03T06:59:03","guid":{"rendered":"http:\/\/liebesatelier.wordpress.com\/?page_id=44"},"modified":"2015-02-25T21:30:46","modified_gmt":"2015-02-25T21:30:46","slug":"illustrationen","status":"publish","type":"page","link":"https:\/\/www.liebedesign.de\/?page_id=130","title":{"rendered":"Illustrationen &#038; Malerei"},"content":{"rendered":"<div id=\"attachment_201\" style=\"width: 1034px\" class=\"wp-caption aligncenter\"><a href=\"https:\/\/i0.wp.com\/www.liebedesign.de\/wp-content\/uploads\/2015\/01\/Salome_082014_k.jpg\"><img data-recalc-dims=\"1\" loading=\"lazy\" decoding=\"async\" aria-describedby=\"caption-attachment-201\" class=\"size-full wp-image-201\" src=\"https:\/\/i0.wp.com\/www.liebedesign.de\/wp-content\/uploads\/2015\/01\/Salome_082014_k.jpg?resize=620%2C451\" alt=\"\u00a9 Sara Liebe\" width=\"620\" height=\"451\" srcset=\"https:\/\/i0.wp.com\/www.liebedesign.de\/wp-content\/uploads\/2015\/01\/Salome_082014_k.jpg?w=1024&amp;ssl=1 1024w, https:\/\/i0.wp.com\/www.liebedesign.de\/wp-content\/uploads\/2015\/01\/Salome_082014_k.jpg?resize=300%2C218&amp;ssl=1 300w\" sizes=\"auto, (max-width: 620px) 100vw, 620px\" \/><\/a><p id=\"caption-attachment-201\" class=\"wp-caption-text\">\u00a9 Sara Liebe<\/p><\/div>\n<p>Seitdem ich einen Stift in der Hand halten konnte, war das Zeichnen eines meiner Hauptaktivit\u00e4ten. Gest\u00e4rkt wurde es an der Meisterschule f\u00fcr Mode, in meinen liebsten Stunden, dem Akt- und Fig\u00fcrlichzeichnen.<\/p>\n<p>Auch Aquarell, Acryl, \u00d6lkreide, Copics, als auch Collage&#8230; finden bei mir Verwendung, um eine Stimmung zu erzeugen.<\/p>\n<div id=\"attachment_543\" style=\"width: 435px\" class=\"wp-caption aligncenter\"><a href=\"https:\/\/i0.wp.com\/www.liebedesign.de\/wp-content\/uploads\/2015\/02\/prinzchen_01a.jpg\"><img data-recalc-dims=\"1\" loading=\"lazy\" decoding=\"async\" aria-describedby=\"caption-attachment-543\" class=\"size-full wp-image-546\" src=\"https:\/\/i0.wp.com\/www.liebedesign.de\/wp-content\/uploads\/2015\/02\/prinzchen_01a.jpg?resize=425%2C567\" alt=\"\u00a9 Sara Liebe\" width=\"425\" height=\"567\" srcset=\"https:\/\/i0.wp.com\/www.liebedesign.de\/wp-content\/uploads\/2015\/02\/prinzchen_01a.jpg?w=425&amp;ssl=1 425w, https:\/\/i0.wp.com\/www.liebedesign.de\/wp-content\/uploads\/2015\/02\/prinzchen_01a.jpg?resize=225%2C300&amp;ssl=1 225w\" sizes=\"auto, (max-width: 425px) 100vw, 425px\" \/><\/a><p id=\"caption-attachment-543\" class=\"wp-caption-text\"><a href=\"https:\/\/i0.wp.com\/www.liebedesign.de\/wp-content\/uploads\/2015\/02\/koenigskinder_01a.jpg\"><img data-recalc-dims=\"1\" loading=\"lazy\" decoding=\"async\" class=\"wp-image-543 size-full\" src=\"https:\/\/i0.wp.com\/www.liebedesign.de\/wp-content\/uploads\/2015\/02\/koenigskinder_01a.jpg?resize=567%2C425\" alt=\"koenigskinder_01a\" width=\"567\" height=\"425\" srcset=\"https:\/\/i0.wp.com\/www.liebedesign.de\/wp-content\/uploads\/2015\/02\/koenigskinder_01a.jpg?w=567&amp;ssl=1 567w, https:\/\/i0.wp.com\/www.liebedesign.de\/wp-content\/uploads\/2015\/02\/koenigskinder_01a.jpg?resize=300%2C225&amp;ssl=1 300w\" sizes=\"auto, (max-width: 567px) 100vw, 567px\" \/><\/a> \u00a9 Sara Liebe<\/p><\/div>\n<p>Am Computer kann ich meine Zeichnungen auch so aufarbeiten, wie ich es gerade brauche. Da ich liebend gerne Logos per Hand skizziere, da meine Ideen dann einfach flie\u00dfender sind, ist der Computer ideal, um diese ersten Skizzen dann umzuarbeiten, damit sie als Logo ideal funktionieren.<\/p>\n<div id=\"attachment_739\" style=\"width: 1034px\" class=\"wp-caption aligncenter\"><a href=\"https:\/\/i0.wp.com\/www.liebedesign.de\/wp-content\/uploads\/2015\/02\/Haende_02.jpg\"><img data-recalc-dims=\"1\" loading=\"lazy\" decoding=\"async\" aria-describedby=\"caption-attachment-739\" class=\"wp-image-739 size-full\" src=\"https:\/\/i0.wp.com\/www.liebedesign.de\/wp-content\/uploads\/2015\/02\/Haende_02.jpg?resize=620%2C465\" alt=\"Haende_02\" width=\"620\" height=\"465\" srcset=\"https:\/\/i0.wp.com\/www.liebedesign.de\/wp-content\/uploads\/2015\/02\/Haende_02.jpg?w=1024&amp;ssl=1 1024w, https:\/\/i0.wp.com\/www.liebedesign.de\/wp-content\/uploads\/2015\/02\/Haende_02.jpg?resize=300%2C225&amp;ssl=1 300w\" sizes=\"auto, (max-width: 620px) 100vw, 620px\" \/><\/a><p id=\"caption-attachment-739\" class=\"wp-caption-text\">\u00a9 Sara Liebe<\/p><\/div>\n<div id=\"attachment_744\" style=\"width: 778px\" class=\"wp-caption aligncenter\"><a href=\"https:\/\/i0.wp.com\/www.liebedesign.de\/wp-content\/uploads\/2015\/02\/Haende_07.jpg\"><img data-recalc-dims=\"1\" loading=\"lazy\" decoding=\"async\" aria-describedby=\"caption-attachment-744\" class=\"size-full wp-image-744\" src=\"https:\/\/i0.wp.com\/www.liebedesign.de\/wp-content\/uploads\/2015\/02\/Haende_07.jpg?resize=620%2C827\" alt=\"\u00a9 Sara Liebe\" width=\"620\" height=\"827\" srcset=\"https:\/\/i0.wp.com\/www.liebedesign.de\/wp-content\/uploads\/2015\/02\/Haende_07.jpg?w=768&amp;ssl=1 768w, https:\/\/i0.wp.com\/www.liebedesign.de\/wp-content\/uploads\/2015\/02\/Haende_07.jpg?resize=225%2C300&amp;ssl=1 225w\" sizes=\"auto, (max-width: 620px) 100vw, 620px\" \/><\/a><p id=\"caption-attachment-744\" class=\"wp-caption-text\">\u00a9 Sara Liebe<\/p><\/div>\n<div id=\"attachment_741\" style=\"width: 1034px\" class=\"wp-caption aligncenter\"><a href=\"https:\/\/i0.wp.com\/www.liebedesign.de\/wp-content\/uploads\/2015\/02\/Haende_04.jpg\"><img data-recalc-dims=\"1\" loading=\"lazy\" decoding=\"async\" aria-describedby=\"caption-attachment-741\" class=\"size-full wp-image-741\" src=\"https:\/\/i0.wp.com\/www.liebedesign.de\/wp-content\/uploads\/2015\/02\/Haende_04.jpg?resize=620%2C465\" alt=\"\u00a9 Sara Liebe\" width=\"620\" height=\"465\" srcset=\"https:\/\/i0.wp.com\/www.liebedesign.de\/wp-content\/uploads\/2015\/02\/Haende_04.jpg?w=1024&amp;ssl=1 1024w, https:\/\/i0.wp.com\/www.liebedesign.de\/wp-content\/uploads\/2015\/02\/Haende_04.jpg?resize=300%2C225&amp;ssl=1 300w\" sizes=\"auto, (max-width: 620px) 100vw, 620px\" \/><\/a><p id=\"caption-attachment-741\" class=\"wp-caption-text\">\u00a9 Sara Liebe<\/p><\/div>\n<div id=\"attachment_735\" style=\"width: 778px\" class=\"wp-caption aligncenter\"><a href=\"https:\/\/i0.wp.com\/www.liebedesign.de\/wp-content\/uploads\/2015\/02\/Faltenstudie_04.jpg\"><img data-recalc-dims=\"1\" loading=\"lazy\" decoding=\"async\" aria-describedby=\"caption-attachment-735\" class=\"size-full wp-image-735\" src=\"https:\/\/i0.wp.com\/www.liebedesign.de\/wp-content\/uploads\/2015\/02\/Faltenstudie_04.jpg?resize=620%2C827\" alt=\"\u00a9 Sara Liebe\" width=\"620\" height=\"827\" srcset=\"https:\/\/i0.wp.com\/www.liebedesign.de\/wp-content\/uploads\/2015\/02\/Faltenstudie_04.jpg?w=768&amp;ssl=1 768w, https:\/\/i0.wp.com\/www.liebedesign.de\/wp-content\/uploads\/2015\/02\/Faltenstudie_04.jpg?resize=225%2C300&amp;ssl=1 225w\" sizes=\"auto, (max-width: 620px) 100vw, 620px\" \/><\/a><p id=\"caption-attachment-735\" class=\"wp-caption-text\">\u00a9 Sara Liebe<\/p><\/div>\n<div id=\"attachment_733\" style=\"width: 778px\" class=\"wp-caption aligncenter\"><a href=\"https:\/\/i0.wp.com\/www.liebedesign.de\/wp-content\/uploads\/2015\/02\/Faltenstudie_02.jpg\"><img data-recalc-dims=\"1\" loading=\"lazy\" decoding=\"async\" aria-describedby=\"caption-attachment-733\" class=\"size-full wp-image-733\" src=\"https:\/\/i0.wp.com\/www.liebedesign.de\/wp-content\/uploads\/2015\/02\/Faltenstudie_02.jpg?resize=620%2C827\" alt=\"\u00a9 Sara Liebe\" width=\"620\" height=\"827\" srcset=\"https:\/\/i0.wp.com\/www.liebedesign.de\/wp-content\/uploads\/2015\/02\/Faltenstudie_02.jpg?w=768&amp;ssl=1 768w, https:\/\/i0.wp.com\/www.liebedesign.de\/wp-content\/uploads\/2015\/02\/Faltenstudie_02.jpg?resize=225%2C300&amp;ssl=1 225w\" sizes=\"auto, (max-width: 620px) 100vw, 620px\" \/><\/a><p id=\"caption-attachment-733\" class=\"wp-caption-text\">\u00a9 Sara Liebe<\/p><\/div>\n<p>&nbsp;<\/p>\n<p>&nbsp;<\/p>\n","protected":false},"excerpt":{"rendered":"<p>Seitdem ich einen Stift in der Hand halten konnte, war das Zeichnen eines meiner Hauptaktivit\u00e4ten. Gest\u00e4rkt wurde es an der Meisterschule f\u00fcr Mode, in meinen liebsten Stunden, dem Akt- und Fig\u00fcrlichzeichnen. Auch Aquarell, Acryl, \u00d6lkreide, Copics, als auch Collage&#8230; finden &hellip; <a href=\"https:\/\/www.liebedesign.de\/?page_id=130\">Weiterlesen <span class=\"meta-nav\">&rarr;<\/span><\/a><\/p>\n","protected":false},"author":2,"featured_media":0,"parent":0,"menu_order":0,"comment_status":"open","ping_status":"open","template":"","meta":{"advanced_seo_description":"","jetpack_seo_html_title":"","jetpack_seo_noindex":false,"jetpack_post_was_ever_published":false,"footnotes":""},"class_list":["post-130","page","type-page","status-publish","hentry"],"jetpack_shortlink":"https:\/\/wp.me\/P5EgJb-26","jetpack_sharing_enabled":true,"jetpack-related-posts":[],"_links":{"self":[{"href":"https:\/\/www.liebedesign.de\/index.php?rest_route=\/wp\/v2\/pages\/130","targetHints":{"allow":["GET"]}}],"collection":[{"href":"https:\/\/www.liebedesign.de\/index.php?rest_route=\/wp\/v2\/pages"}],"about":[{"href":"https:\/\/www.liebedesign.de\/index.php?rest_route=\/wp\/v2\/types\/page"}],"author":[{"embeddable":true,"href":"https:\/\/www.liebedesign.de\/index.php?rest_route=\/wp\/v2\/users\/2"}],"replies":[{"embeddable":true,"href":"https:\/\/www.liebedesign.de\/index.php?rest_route=%2Fwp%2Fv2%2Fcomments&post=130"}],"version-history":[{"count":4,"href":"https:\/\/www.liebedesign.de\/index.php?rest_route=\/wp\/v2\/pages\/130\/revisions"}],"predecessor-version":[{"id":746,"href":"https:\/\/www.liebedesign.de\/index.php?rest_route=\/wp\/v2\/pages\/130\/revisions\/746"}],"wp:attachment":[{"href":"https:\/\/www.liebedesign.de\/index.php?rest_route=%2Fwp%2Fv2%2Fmedia&parent=130"}],"curies":[{"name":"wp","href":"https:\/\/api.w.org\/{rel}","templated":true}]}}