{"id":134,"date":"2014-06-03T12:19:22","date_gmt":"2014-06-03T12:19:22","guid":{"rendered":"http:\/\/liebesatelier.wordpress.com\/?page_id=50"},"modified":"2015-02-25T20:55:53","modified_gmt":"2015-02-25T20:55:53","slug":"liebe-design","status":"publish","type":"page","link":"https:\/\/www.liebedesign.de\/?page_id=134","title":{"rendered":"liebe design"},"content":{"rendered":"<p><a href=\"https:\/\/i0.wp.com\/www.liebedesign.de\/wp-content\/uploads\/2015\/02\/Logos_Galerie_01.jpg\"><img data-recalc-dims=\"1\" loading=\"lazy\" decoding=\"async\" class=\"alignnone size-full wp-image-726 aligncenter\" src=\"https:\/\/i0.wp.com\/www.liebedesign.de\/wp-content\/uploads\/2015\/02\/Logos_Galerie_01.jpg?resize=620%2C155\" alt=\"\" width=\"620\" height=\"155\" srcset=\"https:\/\/i0.wp.com\/www.liebedesign.de\/wp-content\/uploads\/2015\/02\/Logos_Galerie_01.jpg?w=1024&amp;ssl=1 1024w, https:\/\/i0.wp.com\/www.liebedesign.de\/wp-content\/uploads\/2015\/02\/Logos_Galerie_01.jpg?resize=300%2C75&amp;ssl=1 300w\" sizes=\"auto, (max-width: 620px) 100vw, 620px\" \/><\/a> Es ist sehr begl\u00fcckend, wenn es gelungen ist, ein Logo kreiert zu haben, dass den W\u00fcnschen desjenigen, der es bei mir in Auftrag gegeben hat, entspricht.<\/p>\n<p>Auch wenn wir uns nicht Aug\u00b4in Aug\u00b4gegen\u00fcberstanden.<\/p>\n<p>Das sind die begl\u00fcckende Momente.<\/p>\n<p>Ein pers\u00f6nliches Gespr\u00e4ch, sei es nun via Telefon oder nat\u00fcrlich gerne in persona, ist der Beginn, um dem Logo einen guten Start zu erm\u00f6glichen. Anhand dieses Austausches entstehen bei mir die ersten visuellen Gedanken. Mit diesen visuellen Gedanken spiele ich, scribble sie in meine B\u00fccher und nach und nach erwachsen aus diesen Gedanken Entw\u00fcrfe.<a href=\"https:\/\/i0.wp.com\/www.liebedesign.de\/wp-content\/uploads\/2015\/02\/Logos_Galerie_02.jpg\"><img data-recalc-dims=\"1\" loading=\"lazy\" decoding=\"async\" class=\" size-full wp-image-727 aligncenter\" src=\"https:\/\/i0.wp.com\/www.liebedesign.de\/wp-content\/uploads\/2015\/02\/Logos_Galerie_02.jpg?resize=620%2C155\" alt=\"Logos_Galerie_02\" width=\"620\" height=\"155\" srcset=\"https:\/\/i0.wp.com\/www.liebedesign.de\/wp-content\/uploads\/2015\/02\/Logos_Galerie_02.jpg?w=1024&amp;ssl=1 1024w, https:\/\/i0.wp.com\/www.liebedesign.de\/wp-content\/uploads\/2015\/02\/Logos_Galerie_02.jpg?resize=300%2C75&amp;ssl=1 300w\" sizes=\"auto, (max-width: 620px) 100vw, 620px\" \/><\/a>Die Entw\u00fcrfe werden von mir pr\u00e4sentiert und mein Auftraggeber nimmt aktiv am Prozess teil, gemeinsam bei einem Gespr\u00e4ch. Durch diesen Austausch kistallisiert sich allm\u00e4hlich die Essenz heraus. \u2013 Eine wichtige Phase. Daraus entsteht das endg\u00fcltige Logo.<\/p>\n<p>In einer letzten Phase wird es poliert und herausgeputzt um alle Feinheiten zum eigentlichen Schein zu bringen.<\/p>\n<p>Und wenn es sich gl\u00fccklich f\u00fcgt \u2013 sind alle zufrieden. ;-)<a href=\"https:\/\/i0.wp.com\/www.liebedesign.de\/wp-content\/uploads\/2015\/02\/Logos_Galerie_03.jpg\"><img data-recalc-dims=\"1\" loading=\"lazy\" decoding=\"async\" class=\" size-full wp-image-728 aligncenter\" src=\"https:\/\/i0.wp.com\/www.liebedesign.de\/wp-content\/uploads\/2015\/02\/Logos_Galerie_03.jpg?resize=620%2C155\" alt=\"Logos_Galerie_03\" width=\"620\" height=\"155\" srcset=\"https:\/\/i0.wp.com\/www.liebedesign.de\/wp-content\/uploads\/2015\/02\/Logos_Galerie_03.jpg?w=1024&amp;ssl=1 1024w, https:\/\/i0.wp.com\/www.liebedesign.de\/wp-content\/uploads\/2015\/02\/Logos_Galerie_03.jpg?resize=300%2C75&amp;ssl=1 300w\" sizes=\"auto, (max-width: 620px) 100vw, 620px\" \/><\/a>Mit dem fertigen Logo l\u00e4\u00dft sich wiederum spielen und gem\u00e4\u00df den W\u00fcnschen des Auftraggebers ist das Logo die Basis f\u00fcr sein weiteres Corporate Design. Sei\u00b4s nun f\u00fcr Printmedien oder im Internet.<\/p>\n<p><a href=\"https:\/\/i0.wp.com\/www.liebedesign.de\/wp-content\/uploads\/2015\/02\/Visitenkarten.jpg\"><img data-recalc-dims=\"1\" loading=\"lazy\" decoding=\"async\" class=\" size-full wp-image-729 aligncenter\" src=\"https:\/\/i0.wp.com\/www.liebedesign.de\/wp-content\/uploads\/2015\/02\/Visitenkarten.jpg?resize=620%2C155\" alt=\"Visitenkarten\" width=\"620\" height=\"155\" srcset=\"https:\/\/i0.wp.com\/www.liebedesign.de\/wp-content\/uploads\/2015\/02\/Visitenkarten.jpg?w=1024&amp;ssl=1 1024w, https:\/\/i0.wp.com\/www.liebedesign.de\/wp-content\/uploads\/2015\/02\/Visitenkarten.jpg?resize=300%2C75&amp;ssl=1 300w\" sizes=\"auto, (max-width: 620px) 100vw, 620px\" \/><\/a><\/p>\n<p>&nbsp;<\/p>\n<p>&nbsp;<\/p>\n","protected":false},"excerpt":{"rendered":"<p>Es ist sehr begl\u00fcckend, wenn es gelungen ist, ein Logo kreiert zu haben, dass den W\u00fcnschen desjenigen, der es bei mir in Auftrag gegeben hat, entspricht. Auch wenn wir uns nicht Aug\u00b4in Aug\u00b4gegen\u00fcberstanden. Das sind die begl\u00fcckende Momente. Ein pers\u00f6nliches &hellip; <a href=\"https:\/\/www.liebedesign.de\/?page_id=134\">Weiterlesen <span class=\"meta-nav\">&rarr;<\/span><\/a><\/p>\n","protected":false},"author":2,"featured_media":0,"parent":0,"menu_order":0,"comment_status":"open","ping_status":"open","template":"","meta":{"advanced_seo_description":"","jetpack_seo_html_title":"","jetpack_seo_noindex":false,"jetpack_post_was_ever_published":false,"footnotes":""},"class_list":["post-134","page","type-page","status-publish","hentry"],"jetpack_shortlink":"https:\/\/wp.me\/P5EgJb-2a","jetpack_sharing_enabled":true,"jetpack-related-posts":[],"_links":{"self":[{"href":"https:\/\/www.liebedesign.de\/index.php?rest_route=\/wp\/v2\/pages\/134","targetHints":{"allow":["GET"]}}],"collection":[{"href":"https:\/\/www.liebedesign.de\/index.php?rest_route=\/wp\/v2\/pages"}],"about":[{"href":"https:\/\/www.liebedesign.de\/index.php?rest_route=\/wp\/v2\/types\/page"}],"author":[{"embeddable":true,"href":"https:\/\/www.liebedesign.de\/index.php?rest_route=\/wp\/v2\/users\/2"}],"replies":[{"embeddable":true,"href":"https:\/\/www.liebedesign.de\/index.php?rest_route=%2Fwp%2Fv2%2Fcomments&post=134"}],"version-history":[{"count":5,"href":"https:\/\/www.liebedesign.de\/index.php?rest_route=\/wp\/v2\/pages\/134\/revisions"}],"predecessor-version":[{"id":213,"href":"https:\/\/www.liebedesign.de\/index.php?rest_route=\/wp\/v2\/pages\/134\/revisions\/213"}],"wp:attachment":[{"href":"https:\/\/www.liebedesign.de\/index.php?rest_route=%2Fwp%2Fv2%2Fmedia&parent=134"}],"curies":[{"name":"wp","href":"https:\/\/api.w.org\/{rel}","templated":true}]}}