{"id":261,"date":"2015-01-22T21:01:20","date_gmt":"2015-01-22T21:01:20","guid":{"rendered":"http:\/\/www.liebedesign.de\/?page_id=261"},"modified":"2025-06-15T19:55:06","modified_gmt":"2025-06-15T19:55:06","slug":"bio","status":"publish","type":"page","link":"https:\/\/www.liebedesign.de\/?page_id=261","title":{"rendered":"Bio"},"content":{"rendered":"<div id=\"attachment_959\" style=\"width: 312px\" class=\"wp-caption alignnone\"><a href=\"https:\/\/i0.wp.com\/www.liebedesign.de\/wp-content\/uploads\/2015\/04\/ku%CC%88nstler-sara-e1428929375275.jpg\"><img data-recalc-dims=\"1\" loading=\"lazy\" decoding=\"async\" aria-describedby=\"caption-attachment-959\" class=\"wp-image-959 size-full\" src=\"https:\/\/i0.wp.com\/www.liebedesign.de\/wp-content\/uploads\/2015\/04\/ku%CC%88nstler-sara-e1447754850265.jpg?resize=302%2C483\" alt=\"\u00a9 Sara Liebe\" width=\"302\" height=\"483\" srcset=\"https:\/\/i0.wp.com\/www.liebedesign.de\/wp-content\/uploads\/2015\/04\/ku%CC%88nstler-sara-e1447754850265.jpg?w=302&amp;ssl=1 302w, https:\/\/i0.wp.com\/www.liebedesign.de\/wp-content\/uploads\/2015\/04\/ku%CC%88nstler-sara-e1447754850265.jpg?resize=188%2C300&amp;ssl=1 188w\" sizes=\"auto, (max-width: 302px) 100vw, 302px\" \/><\/a><p id=\"caption-attachment-959\" class=\"wp-caption-text\">\u00a9 Sara Liebe<\/p><\/div>\n<p>Mit zwei nat\u00fcrliche Malmittel f\u00fcr die W\u00e4nde benutzt.<\/p>\n<p>Mit drei Zinksalbe f\u00fcr K\u00f6rperbemalung und Inneneinrichtung verwendet.<\/p>\n<p>Mit vier gewundert, warum die Scheren nicht schneiden.<\/p>\n<p>Mit f\u00fcnf die ersten W\u00f6rter in Spiegelschrift geschrieben.<\/p>\n<p>Mit sechs erste Auswanderungstendenzen.<br \/>\nBerufswunsch Stewardess.<\/p>\n<p>Mit sieben der kleinen Schwester einen flotten Haarschnitt verpa\u00dft.<\/p>\n<p>Mit acht tanzend, singend und wirbelnd durch\u00b4s Wohnzimmer geh\u00fcpft.<br \/>\nBerufswunsch Primaballerina.<\/p>\n<p>Mit neun vorm Fernseher gesessen und gesagt: das kann ich auch&#8230;<br \/>\nBerufswunsch Artistin.<\/p>\n<p>Mit zehn in die h\u00f6chsten B\u00e4ume geklettert und mich gef\u00fchlt wie die K\u00f6nigin der L\u00fcfte.<br \/>\nBerufswunsch Stunt(wo)man.<\/p>\n<p>Mit elf dem Nachbarn die M\u00fclltonne an die T\u00fcr gebunden.<\/p>\n<p>Mit zw\u00f6lf alles nachgemalt was es gab, besonders Grundrisse. Wie ich mal wohnen will.<br \/>\nBerufswunsch Cowgirl.<\/p>\n<p>Mit dreizehn verliebt.<br \/>\nBerufwunsch Wunderkind.<\/p>\n<p>Mit vierzehn die Vorh\u00e4nge und Jeans recycelt zu neuer Mode.<br \/>\nBerufswunsch Modell.<\/p>\n<p>Mit f\u00fcnfzehn Praktikum bei Steinway &amp; Sons.<br \/>\nBerufswunsch Schauspielerin.<\/p>\n<p>Mit sechszehn wirres Zeug gemalt und erste Bewerbung an einer privaten Zeichenschule in Hamburg.<br \/>\nBerufwunsch, erstes gro\u00dfes Fragezeichen. Vielleicht in Richtung Mode?<\/p>\n<p>Mit siebzehn Schule gewechselt und der Traum von Woodstock.<\/p>\n<p>Mit achtzehn die gro\u00dfe Freiheit genutzt, kreative Entschuldigungen geschrieben.<br \/>\nBerufswunsch, zweites gro\u00dfes Fragezeichen.<\/p>\n<p>Mit neunzehn nach Califonien &#8211; Los Angeles &#8211; Schule Ade. Beworben an der <a href=\"http:\/\/www.artcenter.edu\/about\/campus\/hillside-campus\/overview.html\" target=\"_blank\" rel=\"noopener noreferrer\">Art Center Pasadena<\/a>, ohne Abschlu\u00df, tja,&#8230;Stets gemalt, Komparsenjobs und die Sonne&#8230;!<\/p>\n<p>Mit zwanzig wieder zur\u00fcck an die Nordsee. Galerie-Leitung \u00fcbernommen, K\u00fcnstler gesichtet, Ausstellungen organisiert, geh\u00e4ngt, gefeiert&#8230; Ich will mehr!<br \/>\nAhoi, auf zu den Bayern.<\/p>\n<p>Mit einundzwanzig eine Lehre begonnen <a href=\"http:\/\/der-brillenmacher.com\/\" target=\"_blank\" rel=\"noopener noreferrer\">f\u00fcr einen guten Durchblick<\/a>. Berufswunsch: was Solides.<br \/>\nNebenbei, gen\u00e4ht, geklebt, Schaufenster dekoriert, Modell gelaufen, gezeichnet, gemalt, versch\u00f6nert&#8230;<\/p>\n<p>Mit vierundzwanzig einen weiteren Versuch gewagt, ohne staatlichen Amtsstempel, mich an der <a href=\"http:\/\/www.designschule-muenchen.de\/\" target=\"_blank\" rel=\"noopener noreferrer\">Meisterschule f\u00fcr Mode<\/a> zu bewerben. Mappe zusammengeklaubt aus bestehendem Repertoire. Und \u2013 ich glaubt\u00b4 es kaum: Aufnahmepr\u00fcfung geschafft.<\/p>\n<p>Endlich. Kreativ sein d\u00fcrfen, mit voller Erlaubnis und mal ein Streber sein &#8211; so f\u00fchlt sich das an&#8230; Herrlich!!<\/p>\n<p>Mit siebenundzwanzig wieder in den hohen Norden, ab in die Marsch und in die Design-Agentur. Aha, das machen also Kreative.<\/p>\n<p>Mit neunundzwanzig weitergebildet im WorldWideWeb.<\/p>\n<p>Mit drei\u00dfig freiberuflich als Kreative.<br \/>\nF\u00fcr Agenturen, als Freelancerin.<\/p>\n<p>Mit einunddrei\u00dfig einen Handel abgeschlossen, statt HH = GE, oje.<\/p>\n<p>Mit zweiunddrei\u00dfig erfolgreicher Versuch in praktischer Biologie.<br \/>\nBeruf! Graphikerin, Illustratorin.<\/p>\n<p>Mit dreiunddrei\u00dfig Er\u00f6ffnung von Liebes Atelier f\u00fcr andere: kleine, mittlere, gro\u00dfe, junge und alte.<\/p>\n<p>Mit vierunddrei\u00dfig wollten die Puppen etwas von mir und sie hatten vollen Erfolg mit ihrer \u00dcberredungskunst, ich tanzte mit ihnen im <a href=\"http:\/\/www.figurentheater-kolleg.de\/\" target=\"_blank\" rel=\"noopener noreferrer\">Figurentheaterkolleg in Bochum<\/a>, seitdem sind sie bei mir zu Gast.<\/p>\n<p>Mit f\u00fcnfunddrei\u00dfig erneut erfolgreiche biologische Versuchsanordnung.<\/p>\n<p>Mit achtunddrei\u00dfig d\u00fcrfte ich bei einer geheimen Werkstattsitzung dabei sein, f\u00fcr eine ganze Woche!!! <a href=\"http:\/\/www.figurenbau-weinhold.de\/\" target=\"_blank\" rel=\"noopener noreferrer\">Die Weinholds<\/a> wagten es, mich einzuladen, zu zweit verliessen wir diesen wunderbaren Ort, mein Holzfreund und ich.<\/p>\n<p>Mit vierzig durfte ich auf <a href=\"http:\/\/www.hof-lebherz.de\/\" target=\"_blank\" rel=\"noopener noreferrer\">Hof Lebherz<\/a> meine Freundin Irmeli mit nach Hause nehmen.<\/p>\n<p>Mit dreiundvierzig wagten wir, eine kleine Gruppe von abenteuerlichen Gesellen, die Puppen zum Leben zu erwecken, mit Erfolg.<\/p>\n<p>Mit vierundvierzig schaffe ich es endlich einen Blog zu ver\u00f6ffentlichen. War schon ein paar Jahre Arbeit&#8230; ;-)<\/p>\n<p>Mit siebenundvierzig war ich f\u00fcr vier Jahre im Helene-Weber-Haus in Gelsenkirchen t\u00e4tig.<\/p>\n<p>Mit f\u00fcnfzig m\u00f6chte ich Adho Mukha Vrikshasana, den Yogischen Handstand, k\u00f6nnen &#8211; puh, da habe ich (noch ein) wenig Zeit&#8230;<\/p>\n<p>Die achtundvierzig will auch noch zu Wort kommen! Seit diesem September erweitere ich mein Wissen und habe ein Teilzeitstudium an der <a href=\"https:\/\/www.alanus.edu\/de\/home\/\" target=\"_blank\" rel=\"noopener noreferrer\">Alanus Hochschule<\/a> in Alfter begonnen &#8211; <a href=\"https:\/\/www.alanus.edu\/de\/studium\/studiengaenge\/detail\/kunsttherapie-sozialkunst-bachelor-of-arts-teilzeit\/29ea10429b356e47daaa9bad4fb50926\/\" target=\"_blank\" rel=\"noopener noreferrer\">Kunsttherapie und Sozialkunst<\/a>. Und was soll ich sagen? \u2013 Es ist sehr spannend!<\/p>\n<p>Studium fertig! Dreiundf\u00fcnzigj\u00e4hrig erwarb ich nun den <a href=\"https:\/\/www.alanus.edu\/de\/studium\/studiengaenge\/detail\/kunsttherapie-sozialkunst-bachelor-of-arts-teilzeit\/29ea10429b356e47daaa9bad4fb50926\/\" target=\"_blank\" rel=\"noopener noreferrer\">BA Kunsttherapie-Sozialkunst<\/a> in Alfter ! Diese ver-r\u00fcckte Zeit hat es nicht einfacher gemacht. Mein Einkommen musste ich zwangsweise mit einer Teilzeitstelle auf dem Markt und als SHK an der Alanus bestreiten, da es nicht m\u00f6glich war, als Kreative t\u00e4tig zu sein. Als es lockerer wurde, habe ich die Gelegenheit genutzt und mich mit eigenen k\u00fcnstlerischen Projekten fortgebildet \u00fcber &#8222;<a href=\"https:\/\/www.mkw.nrw\/kuenstlerInnen_Kita\" target=\"_blank\" rel=\"noopener\">K\u00fcnstlerinnen und K\u00fcnstler in die Kita<\/a>&#8220; und \u00fcber &#8222;<a href=\"https:\/\/kultur-und-schule.de\/de_DE\/home\" target=\"_blank\" rel=\"noopener\">Kultur und Schule<\/a>&#8222;. Da durfte ich an mehreren Schulen und Kinderg\u00e4rten Projekte verwirklichen und ihr k\u00f6nnt mich nun f\u00fcr k\u00fcnstlerische Projekte in Kinderg\u00e4rten und Schulen buchen &#8211; <a href=\"https:\/\/www.liebedesign.de\/?page_id=163\">schreib mir<\/a>!<\/p>\n<p>Des Weiteren bin ich in Teilzeit als <a href=\"https:\/\/www.gemeinschaftskrankenhaus.de\/medizin-therapie-pflege\/therapien\/kunsttherapien\/malen\/\" target=\"_blank\" rel=\"noopener\">Kunsttherapeutin im GKH in Witten<\/a> t\u00e4tig.<\/p>\n<p>Und ihr?<\/p>\n<p>&nbsp;<\/p>\n","protected":false},"excerpt":{"rendered":"<p>Mit zwei nat\u00fcrliche Malmittel f\u00fcr die W\u00e4nde benutzt. Mit drei Zinksalbe f\u00fcr K\u00f6rperbemalung und Inneneinrichtung verwendet. Mit vier gewundert, warum die Scheren nicht schneiden. Mit f\u00fcnf die ersten W\u00f6rter in Spiegelschrift geschrieben. Mit sechs erste Auswanderungstendenzen. Berufswunsch Stewardess. Mit sieben &hellip; <a href=\"https:\/\/www.liebedesign.de\/?page_id=261\">Weiterlesen <span class=\"meta-nav\">&rarr;<\/span><\/a><\/p>\n","protected":false},"author":1,"featured_media":0,"parent":0,"menu_order":0,"comment_status":"open","ping_status":"open","template":"","meta":{"advanced_seo_description":"","jetpack_seo_html_title":"","jetpack_seo_noindex":false,"jetpack_post_was_ever_published":false,"footnotes":""},"class_list":["post-261","page","type-page","status-publish","hentry"],"jetpack_shortlink":"https:\/\/wp.me\/P5EgJb-4d","jetpack_sharing_enabled":true,"jetpack-related-posts":[],"_links":{"self":[{"href":"https:\/\/www.liebedesign.de\/index.php?rest_route=\/wp\/v2\/pages\/261","targetHints":{"allow":["GET"]}}],"collection":[{"href":"https:\/\/www.liebedesign.de\/index.php?rest_route=\/wp\/v2\/pages"}],"about":[{"href":"https:\/\/www.liebedesign.de\/index.php?rest_route=\/wp\/v2\/types\/page"}],"author":[{"embeddable":true,"href":"https:\/\/www.liebedesign.de\/index.php?rest_route=\/wp\/v2\/users\/1"}],"replies":[{"embeddable":true,"href":"https:\/\/www.liebedesign.de\/index.php?rest_route=%2Fwp%2Fv2%2Fcomments&post=261"}],"version-history":[{"count":12,"href":"https:\/\/www.liebedesign.de\/index.php?rest_route=\/wp\/v2\/pages\/261\/revisions"}],"predecessor-version":[{"id":6336,"href":"https:\/\/www.liebedesign.de\/index.php?rest_route=\/wp\/v2\/pages\/261\/revisions\/6336"}],"wp:attachment":[{"href":"https:\/\/www.liebedesign.de\/index.php?rest_route=%2Fwp%2Fv2%2Fmedia&parent=261"}],"curies":[{"name":"wp","href":"https:\/\/api.w.org\/{rel}","templated":true}]}}